{"id":1279,"date":"2026-02-01T02:24:53","date_gmt":"2026-02-01T01:24:53","guid":{"rendered":"https:\/\/www.ffc-comitedromecyclisme.com\/wordpress472\/?page_id=1279"},"modified":"2026-02-01T02:25:32","modified_gmt":"2026-02-01T01:25:32","slug":"classement-coupe-drome-edc-cyclo-cross-2025-2026","status":"publish","type":"page","link":"https:\/\/www.ffc-comitedromecyclisme.com\/wordpress472\/cyclo-cross\/classement-coupe-drome-edc-cyclo-cross-2025-2026\/","title":{"rendered":"Classement Coupe Dr\u00f4me EDC                          Cyclo-Cross 2025\/2026"},"content":{"rendered":"<p style=\"text-align: center;\">Classement par cat\u00e9gories:<\/p>\n<p style=\"text-align: center;\"><a href=\"https:\/\/www.ffc-comitedromecyclisme.com\/wordpress472\/wp-content\/uploads\/2026\/02\/Classement-coureurs-cyclo-2026-J10-finale.pdf\">Classement Coupe Dr\u00f4me coureurs Cyclo-Cross<\/a><\/p>\n<p style=\"text-align: center;\">Classement Club:<\/p>\n<p style=\"text-align: center;\"><a href=\"https:\/\/www.ffc-comitedromecyclisme.com\/wordpress472\/wp-content\/uploads\/2026\/02\/Classement-clubs-cyclo-2026-J10.pdf\">Classement Coupe Dr\u00f4me Club Cyclo-Cross<\/a><\/p>\n","protected":false},"excerpt":{"rendered":"<p>Classement par cat\u00e9gories: Classement Coupe Dr\u00f4me coureurs Cyclo-Cross Classement Club: Classement Coupe Dr\u00f4me Club Cyclo-Cross<\/p>\n","protected":false},"author":8,"featured_media":0,"parent":45,"menu_order":1,"comment_status":"closed","ping_status":"closed","template":"","meta":{"footnotes":""},"class_list":["post-1279","page","type-page","status-publish","hentry"],"_links":{"self":[{"href":"https:\/\/www.ffc-comitedromecyclisme.com\/wordpress472\/wp-json\/wp\/v2\/pages\/1279","targetHints":{"allow":["GET"]}}],"collection":[{"href":"https:\/\/www.ffc-comitedromecyclisme.com\/wordpress472\/wp-json\/wp\/v2\/pages"}],"about":[{"href":"https:\/\/www.ffc-comitedromecyclisme.com\/wordpress472\/wp-json\/wp\/v2\/types\/page"}],"author":[{"embeddable":true,"href":"https:\/\/www.ffc-comitedromecyclisme.com\/wordpress472\/wp-json\/wp\/v2\/users\/8"}],"replies":[{"embeddable":true,"href":"https:\/\/www.ffc-comitedromecyclisme.com\/wordpress472\/wp-json\/wp\/v2\/comments?post=1279"}],"version-history":[{"count":24,"href":"https:\/\/www.ffc-comitedromecyclisme.com\/wordpress472\/wp-json\/wp\/v2\/pages\/1279\/revisions"}],"predecessor-version":[{"id":1466,"href":"https:\/\/www.ffc-comitedromecyclisme.com\/wordpress472\/wp-json\/wp\/v2\/pages\/1279\/revisions\/1466"}],"up":[{"embeddable":true,"href":"https:\/\/www.ffc-comitedromecyclisme.com\/wordpress472\/wp-json\/wp\/v2\/pages\/45"}],"wp:attachment":[{"href":"https:\/\/www.ffc-comitedromecyclisme.com\/wordpress472\/wp-json\/wp\/v2\/media?parent=1279"}],"curies":[{"name":"wp","href":"https:\/\/api.w.org\/{rel}","templated":true}]}}