{"id":131,"date":"2018-03-22T14:14:03","date_gmt":"2018-03-22T13:14:03","guid":{"rendered":"http:\/\/www.ffc-comitedromecyclisme.com\/wordpress472\/?page_id=131"},"modified":"2022-03-29T19:04:34","modified_gmt":"2022-03-29T17:04:34","slug":"stage-vtt-a-ste-croix","status":"publish","type":"page","link":"https:\/\/www.ffc-comitedromecyclisme.com\/wordpress472\/vtt-2\/stage-vtt-a-ste-croix\/","title":{"rendered":"Stage VTT \u00e0 Ste Croix"},"content":{"rendered":"<p>Le comit\u00e9 organise un Stage de VTT les lundis 25 et 26 avril 2022 \u00e0 Ste Croix<\/p>\n<p>Encadrement BE h\u00e9bergement et repas compris ( sauf le premier repas: pr\u00e9voir un pique nique)<\/p>\n<p>\u00a0<\/p>\n<p>\u00a0<\/p>\n\n\n<figure class=\"wp-block-image size-large\"><img loading=\"lazy\" decoding=\"async\" width=\"724\" height=\"1024\" src=\"https:\/\/www.ffc-comitedromecyclisme.com\/wordpress472\/wp-content\/uploads\/2022\/03\/Stage-Comite-Drome-VTT-1-724x1024.jpg\" alt=\"\" class=\"wp-image-655\" srcset=\"https:\/\/www.ffc-comitedromecyclisme.com\/wordpress472\/wp-content\/uploads\/2022\/03\/Stage-Comite-Drome-VTT-1-724x1024.jpg 724w, https:\/\/www.ffc-comitedromecyclisme.com\/wordpress472\/wp-content\/uploads\/2022\/03\/Stage-Comite-Drome-VTT-1-212x300.jpg 212w, https:\/\/www.ffc-comitedromecyclisme.com\/wordpress472\/wp-content\/uploads\/2022\/03\/Stage-Comite-Drome-VTT-1-768x1086.jpg 768w, https:\/\/www.ffc-comitedromecyclisme.com\/wordpress472\/wp-content\/uploads\/2022\/03\/Stage-Comite-Drome-VTT-1-1086x1536.jpg 1086w, https:\/\/www.ffc-comitedromecyclisme.com\/wordpress472\/wp-content\/uploads\/2022\/03\/Stage-Comite-Drome-VTT-1-1448x2048.jpg 1448w, https:\/\/www.ffc-comitedromecyclisme.com\/wordpress472\/wp-content\/uploads\/2022\/03\/Stage-Comite-Drome-VTT-1-830x1174.jpg 830w, https:\/\/www.ffc-comitedromecyclisme.com\/wordpress472\/wp-content\/uploads\/2022\/03\/Stage-Comite-Drome-VTT-1-230x325.jpg 230w, https:\/\/www.ffc-comitedromecyclisme.com\/wordpress472\/wp-content\/uploads\/2022\/03\/Stage-Comite-Drome-VTT-1-350x495.jpg 350w, https:\/\/www.ffc-comitedromecyclisme.com\/wordpress472\/wp-content\/uploads\/2022\/03\/Stage-Comite-Drome-VTT-1-480x679.jpg 480w, https:\/\/www.ffc-comitedromecyclisme.com\/wordpress472\/wp-content\/uploads\/2022\/03\/Stage-Comite-Drome-VTT-1-scaled.jpg 1810w\" sizes=\"auto, (max-width: 724px) 100vw, 724px\" \/><\/figure>\n","protected":false},"excerpt":{"rendered":"<p>Le comit\u00e9 organise un Stage de VTT les lundis 25 et 26 avril 2022 \u00e0 Ste Croix Encadrement BE h\u00e9bergement et repas [&hellip;]<\/p>\n","protected":false},"author":1,"featured_media":0,"parent":44,"menu_order":0,"comment_status":"closed","ping_status":"closed","template":"","meta":{"footnotes":""},"class_list":["post-131","page","type-page","status-publish","hentry"],"_links":{"self":[{"href":"https:\/\/www.ffc-comitedromecyclisme.com\/wordpress472\/wp-json\/wp\/v2\/pages\/131","targetHints":{"allow":["GET"]}}],"collection":[{"href":"https:\/\/www.ffc-comitedromecyclisme.com\/wordpress472\/wp-json\/wp\/v2\/pages"}],"about":[{"href":"https:\/\/www.ffc-comitedromecyclisme.com\/wordpress472\/wp-json\/wp\/v2\/types\/page"}],"author":[{"embeddable":true,"href":"https:\/\/www.ffc-comitedromecyclisme.com\/wordpress472\/wp-json\/wp\/v2\/users\/1"}],"replies":[{"embeddable":true,"href":"https:\/\/www.ffc-comitedromecyclisme.com\/wordpress472\/wp-json\/wp\/v2\/comments?post=131"}],"version-history":[{"count":4,"href":"https:\/\/www.ffc-comitedromecyclisme.com\/wordpress472\/wp-json\/wp\/v2\/pages\/131\/revisions"}],"predecessor-version":[{"id":658,"href":"https:\/\/www.ffc-comitedromecyclisme.com\/wordpress472\/wp-json\/wp\/v2\/pages\/131\/revisions\/658"}],"up":[{"embeddable":true,"href":"https:\/\/www.ffc-comitedromecyclisme.com\/wordpress472\/wp-json\/wp\/v2\/pages\/44"}],"wp:attachment":[{"href":"https:\/\/www.ffc-comitedromecyclisme.com\/wordpress472\/wp-json\/wp\/v2\/media?parent=131"}],"curies":[{"name":"wp","href":"https:\/\/api.w.org\/{rel}","templated":true}]}}