{"id":1479,"date":"2026-02-21T00:23:13","date_gmt":"2026-02-20T23:23:13","guid":{"rendered":"https:\/\/www.ffc-comitedromecyclisme.com\/wordpress472\/?page_id=1479"},"modified":"2026-03-22T09:51:01","modified_gmt":"2026-03-22T08:51:01","slug":"calendrier-competition-comite-drome-categorie-u7-a-u17","status":"publish","type":"page","link":"https:\/\/www.ffc-comitedromecyclisme.com\/wordpress472\/route\/calendrier-competition-comite-drome-categorie-u7-a-u17\/","title":{"rendered":"Calendrier Comp\u00e9tition Comit\u00e9 Dr\u00f4me Cat\u00e9gorie U7 \u00e0 U17"},"content":{"rendered":"\n<p class=\"has-text-align-center\">Vous trouverez le planning des courses dans la Dr\u00f4me pour les cat\u00e9gories de U7 \u00e0 U17, concernant la coupe Dr\u00f4me \u00e9cole de cyclisme, le championnat Dr\u00f4me U15\/U17, ainsi que les comp\u00e9titions n\u00e9cessitant une s\u00e9lection pour des \u00e9quipes d\u00e9partementales.<\/p>\n\n\n\n<figure class=\"wp-block-image aligncenter size-large\"><img decoding=\"async\" src=\"https:\/\/www.ffc-comitedromecyclisme.com\/wordpress472\/wp-content\/uploads\/2026\/03\/calendrier.png\" alt=\"\"\/><\/figure>\n","protected":false},"excerpt":{"rendered":"<p>Vous trouverez le planning des courses dans la Dr\u00f4me pour les cat\u00e9gories de U7 \u00e0 U17, concernant la coupe Dr\u00f4me \u00e9cole de [&hellip;]<\/p>\n","protected":false},"author":8,"featured_media":0,"parent":1484,"menu_order":0,"comment_status":"closed","ping_status":"closed","template":"","meta":{"footnotes":""},"class_list":["post-1479","page","type-page","status-publish","hentry"],"_links":{"self":[{"href":"https:\/\/www.ffc-comitedromecyclisme.com\/wordpress472\/wp-json\/wp\/v2\/pages\/1479","targetHints":{"allow":["GET"]}}],"collection":[{"href":"https:\/\/www.ffc-comitedromecyclisme.com\/wordpress472\/wp-json\/wp\/v2\/pages"}],"about":[{"href":"https:\/\/www.ffc-comitedromecyclisme.com\/wordpress472\/wp-json\/wp\/v2\/types\/page"}],"author":[{"embeddable":true,"href":"https:\/\/www.ffc-comitedromecyclisme.com\/wordpress472\/wp-json\/wp\/v2\/users\/8"}],"replies":[{"embeddable":true,"href":"https:\/\/www.ffc-comitedromecyclisme.com\/wordpress472\/wp-json\/wp\/v2\/comments?post=1479"}],"version-history":[{"count":6,"href":"https:\/\/www.ffc-comitedromecyclisme.com\/wordpress472\/wp-json\/wp\/v2\/pages\/1479\/revisions"}],"predecessor-version":[{"id":1516,"href":"https:\/\/www.ffc-comitedromecyclisme.com\/wordpress472\/wp-json\/wp\/v2\/pages\/1479\/revisions\/1516"}],"up":[{"embeddable":true,"href":"https:\/\/www.ffc-comitedromecyclisme.com\/wordpress472\/wp-json\/wp\/v2\/pages\/1484"}],"wp:attachment":[{"href":"https:\/\/www.ffc-comitedromecyclisme.com\/wordpress472\/wp-json\/wp\/v2\/media?parent=1479"}],"curies":[{"name":"wp","href":"https:\/\/api.w.org\/{rel}","templated":true}]}}