{"id":267,"date":"2018-05-08T18:21:59","date_gmt":"2018-05-08T16:21:59","guid":{"rendered":"http:\/\/www.ffc-comitedromecyclisme.com\/wordpress472\/?page_id=267"},"modified":"2018-05-08T18:36:40","modified_gmt":"2018-05-08T16:36:40","slug":"b-c-portois","status":"publish","type":"page","link":"https:\/\/www.ffc-comitedromecyclisme.com\/wordpress472\/bmx\/b-c-portois\/","title":{"rendered":"B.C. PORTOIS"},"content":{"rendered":"<p><img loading=\"lazy\" decoding=\"async\" class=\"wp-image-289 alignright\" src=\"https:\/\/www.ffc-comitedromecyclisme.com\/wordpress472\/wp-content\/uploads\/2018\/05\/portes-300x300.jpg\" alt=\"\" width=\"300\" height=\"300\" srcset=\"https:\/\/www.ffc-comitedromecyclisme.com\/wordpress472\/wp-content\/uploads\/2018\/05\/portes-300x300.jpg 300w, https:\/\/www.ffc-comitedromecyclisme.com\/wordpress472\/wp-content\/uploads\/2018\/05\/portes-150x150.jpg 150w, https:\/\/www.ffc-comitedromecyclisme.com\/wordpress472\/wp-content\/uploads\/2018\/05\/portes-230x230.jpg 230w, https:\/\/www.ffc-comitedromecyclisme.com\/wordpress472\/wp-content\/uploads\/2018\/05\/portes.jpg 320w\" sizes=\"auto, (max-width: 300px) 100vw, 300px\" \/><\/p>\n<p>&nbsp;<\/p>\n<p><strong>Pr\u00e9sident : J\u00e9r\u00e9my FAURE<\/strong><\/p>\n<p>T\u00e9l\u00e9phone : 06.37.11.72.12<\/p>\n<p>Site web : <a href=\"https:\/\/www.bmxporteslesvalence.fr\/\">https:\/\/www.bmxporteslesvalence.fr<\/a><\/p>\n<p>&nbsp;<\/p>\n<p>&nbsp;<\/p>\n","protected":false},"excerpt":{"rendered":"<p>&nbsp; Pr\u00e9sident : J\u00e9r\u00e9my FAURE T\u00e9l\u00e9phone : 06.37.11.72.12 Site web : https:\/\/www.bmxporteslesvalence.fr &nbsp; &nbsp;<\/p>\n","protected":false},"author":4,"featured_media":0,"parent":42,"menu_order":0,"comment_status":"closed","ping_status":"closed","template":"","meta":{"footnotes":""},"class_list":["post-267","page","type-page","status-publish","hentry"],"_links":{"self":[{"href":"https:\/\/www.ffc-comitedromecyclisme.com\/wordpress472\/wp-json\/wp\/v2\/pages\/267","targetHints":{"allow":["GET"]}}],"collection":[{"href":"https:\/\/www.ffc-comitedromecyclisme.com\/wordpress472\/wp-json\/wp\/v2\/pages"}],"about":[{"href":"https:\/\/www.ffc-comitedromecyclisme.com\/wordpress472\/wp-json\/wp\/v2\/types\/page"}],"author":[{"embeddable":true,"href":"https:\/\/www.ffc-comitedromecyclisme.com\/wordpress472\/wp-json\/wp\/v2\/users\/4"}],"replies":[{"embeddable":true,"href":"https:\/\/www.ffc-comitedromecyclisme.com\/wordpress472\/wp-json\/wp\/v2\/comments?post=267"}],"version-history":[{"count":5,"href":"https:\/\/www.ffc-comitedromecyclisme.com\/wordpress472\/wp-json\/wp\/v2\/pages\/267\/revisions"}],"predecessor-version":[{"id":291,"href":"https:\/\/www.ffc-comitedromecyclisme.com\/wordpress472\/wp-json\/wp\/v2\/pages\/267\/revisions\/291"}],"up":[{"embeddable":true,"href":"https:\/\/www.ffc-comitedromecyclisme.com\/wordpress472\/wp-json\/wp\/v2\/pages\/42"}],"wp:attachment":[{"href":"https:\/\/www.ffc-comitedromecyclisme.com\/wordpress472\/wp-json\/wp\/v2\/media?parent=267"}],"curies":[{"name":"wp","href":"https:\/\/api.w.org\/{rel}","templated":true}]}}