{"id":272,"date":"2018-05-08T18:23:38","date_gmt":"2018-05-08T16:23:38","guid":{"rendered":"http:\/\/www.ffc-comitedromecyclisme.com\/wordpress472\/?page_id=272"},"modified":"2018-05-08T18:53:36","modified_gmt":"2018-05-08T16:53:36","slug":"bmx-club-pierrelatte","status":"publish","type":"page","link":"https:\/\/www.ffc-comitedromecyclisme.com\/wordpress472\/bmx\/bmx-club-pierrelatte\/","title":{"rendered":"BMX CLUB PIERRELATTE"},"content":{"rendered":"<p>Pr\u00e9sident : <strong>Fabien ANDARELLI<\/strong><\/p>\n<p>T\u00e9l\u00e9phone : 06.20.31.10.99<\/p>\n<p>Site web : <a href=\"http:\/\/bmxpierrelatte.com\">http:\/\/bmxpierrelatte.com<\/a><img loading=\"lazy\" decoding=\"async\" class=\"size-medium wp-image-298 alignright\" src=\"https:\/\/www.ffc-comitedromecyclisme.com\/wordpress472\/wp-content\/uploads\/2018\/05\/pierrelatte-300x300.jpg\" alt=\"\" width=\"300\" height=\"300\" srcset=\"https:\/\/www.ffc-comitedromecyclisme.com\/wordpress472\/wp-content\/uploads\/2018\/05\/pierrelatte-300x300.jpg 300w, https:\/\/www.ffc-comitedromecyclisme.com\/wordpress472\/wp-content\/uploads\/2018\/05\/pierrelatte-150x150.jpg 150w, https:\/\/www.ffc-comitedromecyclisme.com\/wordpress472\/wp-content\/uploads\/2018\/05\/pierrelatte-230x230.jpg 230w, https:\/\/www.ffc-comitedromecyclisme.com\/wordpress472\/wp-content\/uploads\/2018\/05\/pierrelatte.jpg 320w\" sizes=\"auto, (max-width: 300px) 100vw, 300px\" \/><\/p>\n","protected":false},"excerpt":{"rendered":"<p>Pr\u00e9sident : Fabien ANDARELLI T\u00e9l\u00e9phone : 06.20.31.10.99 Site web : http:\/\/bmxpierrelatte.com<\/p>\n","protected":false},"author":4,"featured_media":0,"parent":42,"menu_order":0,"comment_status":"closed","ping_status":"closed","template":"","meta":{"footnotes":""},"class_list":["post-272","page","type-page","status-publish","hentry"],"_links":{"self":[{"href":"https:\/\/www.ffc-comitedromecyclisme.com\/wordpress472\/wp-json\/wp\/v2\/pages\/272","targetHints":{"allow":["GET"]}}],"collection":[{"href":"https:\/\/www.ffc-comitedromecyclisme.com\/wordpress472\/wp-json\/wp\/v2\/pages"}],"about":[{"href":"https:\/\/www.ffc-comitedromecyclisme.com\/wordpress472\/wp-json\/wp\/v2\/types\/page"}],"author":[{"embeddable":true,"href":"https:\/\/www.ffc-comitedromecyclisme.com\/wordpress472\/wp-json\/wp\/v2\/users\/4"}],"replies":[{"embeddable":true,"href":"https:\/\/www.ffc-comitedromecyclisme.com\/wordpress472\/wp-json\/wp\/v2\/comments?post=272"}],"version-history":[{"count":5,"href":"https:\/\/www.ffc-comitedromecyclisme.com\/wordpress472\/wp-json\/wp\/v2\/pages\/272\/revisions"}],"predecessor-version":[{"id":311,"href":"https:\/\/www.ffc-comitedromecyclisme.com\/wordpress472\/wp-json\/wp\/v2\/pages\/272\/revisions\/311"}],"up":[{"embeddable":true,"href":"https:\/\/www.ffc-comitedromecyclisme.com\/wordpress472\/wp-json\/wp\/v2\/pages\/42"}],"wp:attachment":[{"href":"https:\/\/www.ffc-comitedromecyclisme.com\/wordpress472\/wp-json\/wp\/v2\/media?parent=272"}],"curies":[{"name":"wp","href":"https:\/\/api.w.org\/{rel}","templated":true}]}}