{"id":454,"date":"2018-05-08T22:14:19","date_gmt":"2018-05-08T20:14:19","guid":{"rendered":"http:\/\/www.ffc-comitedromecyclisme.com\/wordpress472\/?page_id=454"},"modified":"2018-05-08T22:16:25","modified_gmt":"2018-05-08T20:16:25","slug":"b-c-st-paul-3-chateaux","status":"publish","type":"page","link":"https:\/\/www.ffc-comitedromecyclisme.com\/wordpress472\/bmx\/b-c-st-paul-3-chateaux\/","title":{"rendered":"B.C. ST PAUL 3 CHATEAUX"},"content":{"rendered":"<p><strong><img loading=\"lazy\" decoding=\"async\" class=\"size-full wp-image-455 alignright\" src=\"https:\/\/www.ffc-comitedromecyclisme.com\/wordpress472\/wp-content\/uploads\/2018\/05\/SP3C-V2.jpg\" alt=\"\" width=\"298\" height=\"103\" srcset=\"https:\/\/www.ffc-comitedromecyclisme.com\/wordpress472\/wp-content\/uploads\/2018\/05\/SP3C-V2.jpg 298w, https:\/\/www.ffc-comitedromecyclisme.com\/wordpress472\/wp-content\/uploads\/2018\/05\/SP3C-V2-230x79.jpg 230w\" sizes=\"auto, (max-width: 298px) 100vw, 298px\" \/>Pr\u00e9sidente : <\/strong>C\u00e9cile GEISSE<\/p>\n<p class=\"info-blue\">T\u00e9l\u00e9phone : 06.88.67.52.85<\/p>\n<p class=\"info-blue\">Site web : <a href=\"http:\/\/bmxclubstpaul.free.fr\/\" target=\"_blank\" rel=\"noopener\">http:\/\/bmxclubstpaul.free.fr<\/a><\/p>\n","protected":false},"excerpt":{"rendered":"<p>Pr\u00e9sidente : C\u00e9cile GEISSE T\u00e9l\u00e9phone : 06.88.67.52.85 Site web : http:\/\/bmxclubstpaul.free.fr<\/p>\n","protected":false},"author":4,"featured_media":0,"parent":42,"menu_order":0,"comment_status":"closed","ping_status":"closed","template":"","meta":{"footnotes":""},"class_list":["post-454","page","type-page","status-publish","hentry"],"_links":{"self":[{"href":"https:\/\/www.ffc-comitedromecyclisme.com\/wordpress472\/wp-json\/wp\/v2\/pages\/454","targetHints":{"allow":["GET"]}}],"collection":[{"href":"https:\/\/www.ffc-comitedromecyclisme.com\/wordpress472\/wp-json\/wp\/v2\/pages"}],"about":[{"href":"https:\/\/www.ffc-comitedromecyclisme.com\/wordpress472\/wp-json\/wp\/v2\/types\/page"}],"author":[{"embeddable":true,"href":"https:\/\/www.ffc-comitedromecyclisme.com\/wordpress472\/wp-json\/wp\/v2\/users\/4"}],"replies":[{"embeddable":true,"href":"https:\/\/www.ffc-comitedromecyclisme.com\/wordpress472\/wp-json\/wp\/v2\/comments?post=454"}],"version-history":[{"count":3,"href":"https:\/\/www.ffc-comitedromecyclisme.com\/wordpress472\/wp-json\/wp\/v2\/pages\/454\/revisions"}],"predecessor-version":[{"id":459,"href":"https:\/\/www.ffc-comitedromecyclisme.com\/wordpress472\/wp-json\/wp\/v2\/pages\/454\/revisions\/459"}],"up":[{"embeddable":true,"href":"https:\/\/www.ffc-comitedromecyclisme.com\/wordpress472\/wp-json\/wp\/v2\/pages\/42"}],"wp:attachment":[{"href":"https:\/\/www.ffc-comitedromecyclisme.com\/wordpress472\/wp-json\/wp\/v2\/media?parent=454"}],"curies":[{"name":"wp","href":"https:\/\/api.w.org\/{rel}","templated":true}]}}