{"id":661,"date":"2025-02-10T22:00:00","date_gmt":"2025-02-10T21:00:00","guid":{"rendered":"http:\/\/www.ffc-comitedromecyclisme.com\/wordpress472\/?page_id=661"},"modified":"2026-03-29T21:56:45","modified_gmt":"2026-03-29T19:56:45","slug":"trophee-drome-edc-route","status":"publish","type":"page","link":"https:\/\/www.ffc-comitedromecyclisme.com\/wordpress472\/route\/trophee-drome-edc-route\/","title":{"rendered":"Classement Coupe Dr\u00f4me EDC Route 2026"},"content":{"rendered":"\n<p class=\"has-text-align-center\">Classement par cat\u00e9gories:<\/p>\n\n\n\n<p class=\"has-text-align-center\"><a href=\"https:\/\/www.ffc-comitedromecyclisme.com\/wordpress472\/wp-content\/uploads\/2026\/03\/2.pdf\">Classement Coupe Dr\u00f4me<\/a><\/p>\n\n\n\n<p class=\"has-text-align-center\">Classement Clubs:<\/p>\n\n\n\n<p class=\"has-text-align-center\"><a href=\"https:\/\/www.ffc-comitedromecyclisme.com\/wordpress472\/wp-content\/uploads\/2026\/03\/1.pdf\">Coupe Dr\u00f4me Clubs<\/a><\/p>\n\n\n\n<p><\/p>\n","protected":false},"excerpt":{"rendered":"<p>Classement par cat\u00e9gories: Classement Coupe Dr\u00f4me Classement Clubs: Coupe Dr\u00f4me Clubs<\/p>\n","protected":false},"author":8,"featured_media":0,"parent":43,"menu_order":0,"comment_status":"closed","ping_status":"closed","template":"","meta":{"footnotes":""},"class_list":["post-661","page","type-page","status-publish","hentry"],"_links":{"self":[{"href":"https:\/\/www.ffc-comitedromecyclisme.com\/wordpress472\/wp-json\/wp\/v2\/pages\/661","targetHints":{"allow":["GET"]}}],"collection":[{"href":"https:\/\/www.ffc-comitedromecyclisme.com\/wordpress472\/wp-json\/wp\/v2\/pages"}],"about":[{"href":"https:\/\/www.ffc-comitedromecyclisme.com\/wordpress472\/wp-json\/wp\/v2\/types\/page"}],"author":[{"embeddable":true,"href":"https:\/\/www.ffc-comitedromecyclisme.com\/wordpress472\/wp-json\/wp\/v2\/users\/8"}],"replies":[{"embeddable":true,"href":"https:\/\/www.ffc-comitedromecyclisme.com\/wordpress472\/wp-json\/wp\/v2\/comments?post=661"}],"version-history":[{"count":20,"href":"https:\/\/www.ffc-comitedromecyclisme.com\/wordpress472\/wp-json\/wp\/v2\/pages\/661\/revisions"}],"predecessor-version":[{"id":1520,"href":"https:\/\/www.ffc-comitedromecyclisme.com\/wordpress472\/wp-json\/wp\/v2\/pages\/661\/revisions\/1520"}],"up":[{"embeddable":true,"href":"https:\/\/www.ffc-comitedromecyclisme.com\/wordpress472\/wp-json\/wp\/v2\/pages\/43"}],"wp:attachment":[{"href":"https:\/\/www.ffc-comitedromecyclisme.com\/wordpress472\/wp-json\/wp\/v2\/media?parent=661"}],"curies":[{"name":"wp","href":"https:\/\/api.w.org\/{rel}","templated":true}]}}