{"id":811,"date":"2023-04-25T14:21:04","date_gmt":"2023-04-25T12:21:04","guid":{"rendered":"https:\/\/www.ffc-comitedromecyclisme.com\/wordpress472\/?page_id=811"},"modified":"2026-04-28T20:14:48","modified_gmt":"2026-04-28T18:14:48","slug":"classement-tdjv-ardeche-drome-isere","status":"publish","type":"page","link":"https:\/\/www.ffc-comitedromecyclisme.com\/wordpress472\/vtt-2\/tdjv-drome-isere\/classement-tdjv-ardeche-drome-isere\/","title":{"rendered":"Classement TDJV Ard\u00e8che Dr\u00f4me Is\u00e8re"},"content":{"rendered":"\n<div data-wp-interactive=\"core\/file\" class=\"wp-block-file\"><object data-wp-bind--hidden=\"!state.hasPdfPreview\" hidden class=\"wp-block-file__embed\" data=\"https:\/\/www.ffc-comitedromecyclisme.com\/wordpress472\/wp-content\/uploads\/2026\/04\/CLASSEMENT-TDJV-ARDECHE-DROME-ISERE-2026-3.pdf\" type=\"application\/pdf\" style=\"width:100%;height:600px\" aria-label=\"Contenu embarqu\u00e9 CLASSEMENT TDJV ARDECHE-DROME-ISERE 2026.\"><\/object><a id=\"wp-block-file--media-d40ee14d-6586-4cf0-bbc8-95ee54a3920d\" href=\"https:\/\/www.ffc-comitedromecyclisme.com\/wordpress472\/wp-content\/uploads\/2026\/04\/CLASSEMENT-TDJV-ARDECHE-DROME-ISERE-2026-3.pdf\">CLASSEMENT TDJV ARDECHE-DROME-ISERE 2026<\/a><a href=\"https:\/\/www.ffc-comitedromecyclisme.com\/wordpress472\/wp-content\/uploads\/2026\/04\/CLASSEMENT-TDJV-ARDECHE-DROME-ISERE-2026-3.pdf\" class=\"wp-block-file__button wp-element-button\" download aria-describedby=\"wp-block-file--media-d40ee14d-6586-4cf0-bbc8-95ee54a3920d\">T\u00e9l\u00e9charger<\/a><\/div>\n","protected":false},"excerpt":{"rendered":"","protected":false},"author":1,"featured_media":0,"parent":117,"menu_order":0,"comment_status":"closed","ping_status":"closed","template":"","meta":{"footnotes":""},"class_list":["post-811","page","type-page","status-publish","hentry"],"_links":{"self":[{"href":"https:\/\/www.ffc-comitedromecyclisme.com\/wordpress472\/wp-json\/wp\/v2\/pages\/811","targetHints":{"allow":["GET"]}}],"collection":[{"href":"https:\/\/www.ffc-comitedromecyclisme.com\/wordpress472\/wp-json\/wp\/v2\/pages"}],"about":[{"href":"https:\/\/www.ffc-comitedromecyclisme.com\/wordpress472\/wp-json\/wp\/v2\/types\/page"}],"author":[{"embeddable":true,"href":"https:\/\/www.ffc-comitedromecyclisme.com\/wordpress472\/wp-json\/wp\/v2\/users\/1"}],"replies":[{"embeddable":true,"href":"https:\/\/www.ffc-comitedromecyclisme.com\/wordpress472\/wp-json\/wp\/v2\/comments?post=811"}],"version-history":[{"count":27,"href":"https:\/\/www.ffc-comitedromecyclisme.com\/wordpress472\/wp-json\/wp\/v2\/pages\/811\/revisions"}],"predecessor-version":[{"id":1552,"href":"https:\/\/www.ffc-comitedromecyclisme.com\/wordpress472\/wp-json\/wp\/v2\/pages\/811\/revisions\/1552"}],"up":[{"embeddable":true,"href":"https:\/\/www.ffc-comitedromecyclisme.com\/wordpress472\/wp-json\/wp\/v2\/pages\/117"}],"wp:attachment":[{"href":"https:\/\/www.ffc-comitedromecyclisme.com\/wordpress472\/wp-json\/wp\/v2\/media?parent=811"}],"curies":[{"name":"wp","href":"https:\/\/api.w.org\/{rel}","templated":true}]}}